{"id":73,"date":"2018-04-05T20:51:59","date_gmt":"2018-04-05T11:51:59","guid":{"rendered":"http:\/\/researchingplus.com\/impressum\/"},"modified":"2022-12-12T23:45:25","modified_gmt":"2022-12-12T14:45:25","slug":"impressum","status":"publish","type":"page","link":"https:\/\/researchingplus.com\/de\/impressum\/","title":{"rendered":"impressum"},"content":{"rendered":"<div class=\"flex_column av_one_full  flex_column_div av-zero-column-padding first  \" style='border-radius:0px; '><section class=\"av_textblock_section \"  itemscope=\"itemscope\" itemtype=\"https:\/\/schema.org\/CreativeWork\" ><div class='avia_textblock  '   itemprop=\"text\" ><p>Impressum : nach \u00a7 5 Telemediengesetz (TMG)<\/p>\n<p>Verantwortlich f\u00fcr den Inhalt dieser Internetseiten:<br \/>\nNach \u00a7 55 ABS.2 RStV<\/p>\n<p>Researching Plus GmbH<br \/>\nGesch\u00e4ftsf\u00fchrerin Hisako Yoshizawa<\/p>\n<p>Am Bonneshof 15<br \/>\n40474 D\u00fcsseldorf<\/p>\n<p>Tel: 0160 9039 5172<\/p>\n<p>E-Mail: info\u2605researchingplus.com<br \/>\nBitte ersetzen Sie das Zeichnen \u201e\u2605 \u201c zum \u201e@ \u201c.<\/p>\n<p>Umsatzsteueridentifikationsnummer:<br \/>\nDE<\/p>\n<p>Im Internet:<br \/>\nhttps:\/\/researching-plus.com<\/p>\n<p>Copyright-Hinweis:<br \/>\nAlle Texte, Bilder und Gestaltungselemente sowie das gesamte Design unterliegen dem Copyright der Reseaching Plus GmbH. Kein Teil dieser Pr\u00e4sentation darf ohne schriftliche Genehmigung der Rechteinhaber analog oder digital, gleich welcher Form, bearbeitet, vervielf\u00e4ltigt oder au\u00dferhalb dieser Pr\u00e4sentation ver\u00f6ffentlicht werden.<\/p>\n<p>Haftungshinweis:<br \/>\nTrotz sorgf\u00e4ltiger inhaltlicher Kontrolle \u00fcbernehmen wir keine Haftung f\u00fcr die Inhalte externer Links. F\u00fcr den Inhalt der verlinkten Seiten sind ausschlie\u00dflich deren Betreiber verantwortlich.<\/p>\n<p>Datenschutz<\/p>\n<p>Die Nutzung dieser Internetseiten erfolgt grunds\u00e4tzlich ohne Offenlegung Ihrer pers\u00f6nlichen Daten. Anonym werden automatisierte Statistiken durch den Webhosting-Provider erstellt. Diese geben in zusammengefasster Form wieder, welche Seiten des Internetangebotes besucht wurden, von welchen Internetseiten auf dieses Internetangebot verlinkt wurde, von welcher IP-Adresse aus zugegriffen und welcher Internet-Browser daf\u00fcr verwendet wurde.<\/p>\n<p>Sie k\u00f6nnen im Regelfall alle Internetseiten der Webseite http:\/\/researching-plus.com aufrufen, ohne Angaben \u00fcber Ihre Person zu machen, Werden im Einzelfall Ihr Name, Ihre Anschriftorder sonstige pers\u00f6nliche Daten ben\u00f6tigt, so werden Sie darauf hingewiesen. Ihre personenbezogenen Nutzungsdaten werden verwendet, um den Service f\u00fcr Sie so angenehm wie m\u00f6glich zu gestalten und zu verbessern. Sollten Sie uns pers\u00f6nliche Daten( Email Adresse, Handynummer, etc.)senden werden vertraulich behandelt, eine Weiteregabe an Dritte erfolgt nicht.<\/p>\n<p>Diese Datenschutzerkl\u00e4rung ist auf dem Stand vom 01 April 2018 und gilt seit diesem Zeitpunkt.<\/p>\n<\/div><\/section><\/div>\n","protected":false},"excerpt":{"rendered":"","protected":false},"author":1,"featured_media":0,"parent":0,"menu_order":0,"comment_status":"closed","ping_status":"closed","template":"","meta":{"footnotes":""},"class_list":["post-73","page","type-page","status-publish","hentry"],"_links":{"self":[{"href":"https:\/\/researchingplus.com\/de\/wp-json\/wp\/v2\/pages\/73\/"}],"collection":[{"href":"https:\/\/researchingplus.com\/de\/wp-json\/wp\/v2\/pages\/"}],"about":[{"href":"https:\/\/researchingplus.com\/de\/wp-json\/wp\/v2\/types\/page\/"}],"author":[{"embeddable":true,"href":"https:\/\/researchingplus.com\/de\/wp-json\/wp\/v2\/users\/1\/"}],"replies":[{"embeddable":true,"href":"https:\/\/researchingplus.com\/de\/wp-json\/wp\/v2\/comments\/?post=73"}],"version-history":[{"count":6,"href":"https:\/\/researchingplus.com\/de\/wp-json\/wp\/v2\/pages\/73\/revisions\/"}],"predecessor-version":[{"id":2116,"href":"https:\/\/researchingplus.com\/de\/wp-json\/wp\/v2\/pages\/73\/revisions\/2116\/"}],"wp:attachment":[{"href":"https:\/\/researchingplus.com\/de\/wp-json\/wp\/v2\/media\/?parent=73"}],"curies":[{"name":"wp","href":"https:\/\/api.w.org\/{rel}","templated":true}]}}