{"id":58,"date":"2018-04-05T16:23:26","date_gmt":"2018-04-05T07:23:26","guid":{"rendered":"http:\/\/researchingplus.com\/our-team\/"},"modified":"2026-04-25T14:24:06","modified_gmt":"2026-04-25T05:24:06","slug":"our-team","status":"publish","type":"page","link":"https:\/\/researchingplus.com\/de\/our-team\/","title":{"rendered":"Our Team"},"content":{"rendered":"<div class=\"flex_column av_one_half  flex_column_div av-zero-column-padding first  \" style='border-radius:0px; '><p><div class='avia-image-container  av-styling-    avia-align-center '  itemprop=\"ImageObject\" itemscope=\"itemscope\" itemtype=\"https:\/\/schema.org\/ImageObject\"  ><div class='avia-image-container-inner'><img class='avia_image ' src='https:\/\/researchingplus.com\/wp-content\/uploads\/2024\/08\/hisako3.png' alt='' title='hisako'   itemprop=\"thumbnailUrl\"  \/><\/div><\/div><br \/>\n<div style='padding-bottom:0px;' class='av-special-heading av-special-heading-h3     '><h3 class='av-special-heading-tag '  itemprop=\"headline\"  >Hisako Yoshizawa<\/h3><div class='special-heading-border'><div class='special-heading-inner-border' ><\/div><\/div><\/div><br \/>\n<section class=\"av_textblock_section \"  itemscope=\"itemscope\" itemtype=\"https:\/\/schema.org\/CreativeWork\" ><div class='avia_textblock  '   itemprop=\"text\" ><p>Mitgr\u00fcnderin &amp; Gesch\u00e4ftsf\u00fchrerin<\/p>\n<p>Hisako Yoshizawa ist Gastforscherin an der Waseda Universit\u00e4t in Tokio und auch Doktorandin am Institut f\u00fcr Modernes Japan der Heinrich-Heine-Universit\u00e4t D\u00fcsseldorf. In Japan hat sie ein sozialwissenschaftliches Masterstudium an der Graduate School of Humanities &amp; Science der Ochanomizu Universit\u00e4t in Tokio abgeschlossen.<\/p>\n<p>Hisako ist eine staatliche anerkannte \u00a0KMU-Beraterin in Japan. Sie unterst\u00fctzt deutsche und japanische Unternehmer mit vielen Projekten der japanischen Regierung und Kommunalverwaltungen.<\/p>\n<\/div><\/section><\/p><\/div>\n<div class=\"flex_column av_one_half  flex_column_div av-zero-column-padding   \" style='border-radius:0px; '><p><div class='avia-image-container  av-styling-    avia-align-center '  itemprop=\"ImageObject\" itemscope=\"itemscope\" itemtype=\"https:\/\/schema.org\/ImageObject\"  ><div class='avia-image-container-inner'><img class='avia_image ' src='https:\/\/researchingplus.com\/wp-content\/uploads\/2026\/03\/emi-2.jpg' alt='' title='emi'   itemprop=\"thumbnailUrl\"  \/><\/div><\/div><br \/>\n<div style='padding-bottom:10px;' class='av-special-heading av-special-heading-h3     '><h3 class='av-special-heading-tag '  itemprop=\"headline\"  >Emi Miura<\/h3><div class='special-heading-border'><div class='special-heading-inner-border' ><\/div><\/div><\/div><br \/>\n<section class=\"av_textblock_section \"  itemscope=\"itemscope\" itemtype=\"https:\/\/schema.org\/CreativeWork\" ><div class='avia_textblock  '   itemprop=\"text\" ><p>Digital Marketing Consultant<\/p>\n<p>Graduated of Keio University.A digital marketer with over 10 years of experience driving market entry and growth for global e-commerce brands in Japan. Specializes in performance marketing across Google, Yahoo, Meta, X (Twitter), Apple Search Ads, and LINE, as well as SEO and affiliate marketing. Provides end-to-end support from strategy development to execution, with extensive experience across Japan, Europe, and APAC markets.<\/p>\n<\/div><\/section><\/p><\/div>\n<div class=\"flex_column av_one_half  flex_column_div av-zero-column-padding first  \" style='border-radius:0px; '><p><div class='avia-image-container  av-styling-    avia-align-center '  itemprop=\"ImageObject\" itemscope=\"itemscope\" itemtype=\"https:\/\/schema.org\/ImageObject\"  ><div class='avia-image-container-inner'><img class='avia_image ' src='https:\/\/researchingplus.com\/wp-content\/uploads\/2022\/01\/aya-1.jpg' alt='' title='aya'   itemprop=\"thumbnailUrl\"  \/><\/div><\/div><br \/>\n<div style='padding-bottom:10px;' class='av-special-heading av-special-heading-h3     '><h3 class='av-special-heading-tag '  itemprop=\"headline\"  >Aya Alvarez Uchida<\/h3><div class='special-heading-border'><div class='special-heading-inner-border' ><\/div><\/div><\/div><br \/>\n<section class=\"av_textblock_section \"  itemscope=\"itemscope\" itemtype=\"https:\/\/schema.org\/CreativeWork\" ><div class='avia_textblock  '   itemprop=\"text\" ><p>Marketing Researcher &amp; Coordinator in France<\/p>\n<p>Aya Alvarez Uchida absolvierte Kobe Shoin Women\u2019s University in Kobe, Japan. Sie lernte Franz\u00f6sisch an der Aix Marseille \u2162 und derzeit lebt sie in Paris. Sie nutzt ihre lange Karriere in Deutschland und Frankreich und unterst\u00fctzt japanische Unternehmer vielseitig als Marktforscher und Koordinatoren in Frankreich.<\/p>\n<\/div><\/section><\/p><\/div>\n<div class=\"flex_column av_one_half  flex_column_div av-zero-column-padding   \" style='border-radius:0px; '><p><div class='avia-image-container  av-styling-    avia-align-center '  itemprop=\"ImageObject\" itemscope=\"itemscope\" itemtype=\"https:\/\/schema.org\/ImageObject\"  ><div class='avia-image-container-inner'><img class='avia_image ' src='https:\/\/researchingplus.com\/wp-content\/uploads\/2018\/04\/yossi-e1523869002103.png' alt='' title='Dr.Yoichi_Yoshizawa'   itemprop=\"thumbnailUrl\"  \/><\/div><\/div><br \/>\n<div style='padding-bottom:10px;' class='av-special-heading av-special-heading-h3    '><h3 class='av-special-heading-tag '  itemprop=\"headline\"  >Dr. Yoichi Yoshizawa<\/h3><div class='special-heading-border'><div class='special-heading-inner-border' ><\/div><\/div><\/div><br \/>\n<section class=\"av_textblock_section \"  itemscope=\"itemscope\" itemtype=\"https:\/\/schema.org\/CreativeWork\" ><div class='avia_textblock  '   itemprop=\"text\" ><p>Mitgr\u00fcnder<br \/>\nSenior Scientist<\/p>\n<p>Yoichi Yoshizawa erhielt seinen Doktor in Angewandter Mikrobiologie von der Universit\u00e4t Tokio in Japan. Danach absolvierte er am Munich Intellectual Property Law Center (MIPLC) das LL.M. Programm Intellectual Property and Competition Law. Seine Schwerpunkte sind alternative Energien, Bio-Technologien und Patentrecht f\u00fcr Bio-Technologien. Er hat sich besonders auf innovative Bio-Technologien und alternative Energien spezialisiert.<\/p>\n<\/div><\/section><\/p><\/div>\n<div class=\"flex_column av_one_half  flex_column_div av-zero-column-padding first  \" style='border-radius:0px; '><p><div class='avia-image-container  av-styling-    avia-align-center '  itemprop=\"ImageObject\" itemscope=\"itemscope\" itemtype=\"https:\/\/schema.org\/ImageObject\"  ><div class='avia-image-container-inner'><img class='avia_image ' src='https:\/\/researchingplus.com\/wp-content\/uploads\/2025\/09\/Sahin-1.png' alt='' title='Sahin'   itemprop=\"thumbnailUrl\"  \/><\/div><\/div><br \/>\n<div style='padding-bottom:10px;' class='av-special-heading av-special-heading-h3    '><h3 class='av-special-heading-tag '  itemprop=\"headline\"  >Sahin Er<\/h3><div class='special-heading-border'><div class='special-heading-inner-border' ><\/div><\/div><\/div><br \/>\n<section class=\"av_textblock_section \"  itemscope=\"itemscope\" itemtype=\"https:\/\/schema.org\/CreativeWork\" ><div class='avia_textblock  '   itemprop=\"text\" ><p>Senior Marketing &amp; Brand Specialist<\/p>\n<p>Sahin Er studierte Japanologie an der Eberhard-Karls-Universit\u00e4t T\u00fcbingen und absolvierte auch ein Auslandsjahr an der Doshisha Universit\u00e4t in Kyoto.<br \/>\nVon 2019 bis 2023 lebte er in Tokyo und arbeitete dort in bekannten Unternehmen, wie Volkswagen, Hakuhodo und Ferrari. Seit 2023 ist er wieder in Deutschland ans\u00e4ssig und aktiv als Marketing- und Brandingspezialist. Des Weiteren geht er auch Aktivit\u00e4ten im Bereich Vertrieb und Dolmetschen nach. Mit vielen Jahren Erfahrung in globalen, als auch japanischen Unternehmen fungiert er als Br\u00fccke zwischen Deutschland und Japan.<\/p>\n<\/div><\/section><\/p><\/div>\n","protected":false},"excerpt":{"rendered":"","protected":false},"author":1,"featured_media":0,"parent":0,"menu_order":0,"comment_status":"closed","ping_status":"closed","template":"","meta":{"footnotes":""},"class_list":["post-58","page","type-page","status-publish","hentry"],"_links":{"self":[{"href":"https:\/\/researchingplus.com\/de\/wp-json\/wp\/v2\/pages\/58\/"}],"collection":[{"href":"https:\/\/researchingplus.com\/de\/wp-json\/wp\/v2\/pages\/"}],"about":[{"href":"https:\/\/researchingplus.com\/de\/wp-json\/wp\/v2\/types\/page\/"}],"author":[{"embeddable":true,"href":"https:\/\/researchingplus.com\/de\/wp-json\/wp\/v2\/users\/1\/"}],"replies":[{"embeddable":true,"href":"https:\/\/researchingplus.com\/de\/wp-json\/wp\/v2\/comments\/?post=58"}],"version-history":[{"count":53,"href":"https:\/\/researchingplus.com\/de\/wp-json\/wp\/v2\/pages\/58\/revisions\/"}],"predecessor-version":[{"id":3641,"href":"https:\/\/researchingplus.com\/de\/wp-json\/wp\/v2\/pages\/58\/revisions\/3641\/"}],"wp:attachment":[{"href":"https:\/\/researchingplus.com\/de\/wp-json\/wp\/v2\/media\/?parent=58"}],"curies":[{"name":"wp","href":"https:\/\/api.w.org\/{rel}","templated":true}]}}